{"id":3363,"date":"2024-07-09T12:34:38","date_gmt":"2024-07-09T12:34:38","guid":{"rendered":"https:\/\/concours.bam.archi\/mapa-del-sitio\/"},"modified":"2024-09-24T14:30:07","modified_gmt":"2024-09-24T14:30:07","slug":"mapa-del-sitio","status":"publish","type":"page","link":"https:\/\/concours.bam.archi\/es\/mapa-del-sitio\/","title":{"rendered":"Mapa del sitio"},"content":{"rendered":"\t\t<div data-elementor-type=\"wp-page\" data-elementor-id=\"3363\" class=\"elementor elementor-3363 elementor-3352\">\n\t\t\t\t\t\t<section class=\"elementor-section elementor-top-section elementor-element elementor-element-8241da4 elementor-section-full_width elementor-section-height-default elementor-section-height-default\" data-id=\"8241da4\" data-element_type=\"section\">\n\t\t\t\t\t\t<div class=\"elementor-container elementor-column-gap-no\">\n\t\t\t\t\t<div class=\"elementor-column elementor-col-100 elementor-top-column elementor-element elementor-element-3ead39c\" data-id=\"3ead39c\" data-element_type=\"column\">\n\t\t\t<div class=\"elementor-widget-wrap elementor-element-populated\">\n\t\t\t\t\t\t<div class=\"elementor-element elementor-element-2ba64b5 elementor-fixed elementor-widget elementor-widget-tj-btn\" data-id=\"2ba64b5\" data-element_type=\"widget\" data-settings=\"{&quot;_position&quot;:&quot;fixed&quot;}\" data-widget_type=\"tj-btn.default\">\n\t\t\t\t<div class=\"elementor-widget-container\">\n\t\t\t\n        \n                            <div class=\"tj-custom-btn\">\n                    <a href=\"https:\/\/bamarchi.typeform.com\/to\/Bnkczn?typeform-source=concours.bam.archi\" target=\"_blank\" rel=\"nofollow\" class=\"btn\">\n                        Lanzar un proyecto                    <\/a>\n                <\/div>\n            \n        \n\t\t<\/div>\n\t\t\t\t<\/div>\n\t\t\t\t\t<\/div>\n\t\t<\/div>\n\t\t\t\t\t<\/div>\n\t\t<\/section>\n\t\t\t\t<section class=\"elementor-section elementor-top-section elementor-element elementor-element-81216fe elementor-section-full_width elementor-section-height-default elementor-section-height-default\" data-id=\"81216fe\" data-element_type=\"section\">\n\t\t\t\t\t\t<div class=\"elementor-container elementor-column-gap-no\">\n\t\t\t\t\t<div class=\"elementor-column elementor-col-100 elementor-top-column elementor-element elementor-element-0b06172\" data-id=\"0b06172\" data-element_type=\"column\">\n\t\t\t<div class=\"elementor-widget-wrap\">\n\t\t\t\t\t\t\t<\/div>\n\t\t<\/div>\n\t\t\t\t\t<\/div>\n\t\t<\/section>\n\t\t\t\t<section class=\"elementor-section elementor-top-section elementor-element elementor-element-0eae982 elementor-section-boxed elementor-section-height-default elementor-section-height-default\" data-id=\"0eae982\" data-element_type=\"section\">\n\t\t\t\t\t\t<div class=\"elementor-container elementor-column-gap-default\">\n\t\t\t\t\t<div class=\"elementor-column elementor-col-100 elementor-top-column elementor-element elementor-element-2f72013\" data-id=\"2f72013\" data-element_type=\"column\">\n\t\t\t<div class=\"elementor-widget-wrap elementor-element-populated\">\n\t\t\t\t\t\t<div class=\"elementor-element elementor-element-d69769b elementor-widget elementor-widget-heading\" data-id=\"d69769b\" data-element_type=\"widget\" data-widget_type=\"heading.default\">\n\t\t\t\t<div class=\"elementor-widget-container\">\n\t\t\t<style>\/*! elementor - v3.23.0 - 05-08-2024 *\/\n.elementor-heading-title{padding:0;margin:0;line-height:1}.elementor-widget-heading .elementor-heading-title[class*=elementor-size-]>a{color:inherit;font-size:inherit;line-height:inherit}.elementor-widget-heading .elementor-heading-title.elementor-size-small{font-size:15px}.elementor-widget-heading .elementor-heading-title.elementor-size-medium{font-size:19px}.elementor-widget-heading .elementor-heading-title.elementor-size-large{font-size:29px}.elementor-widget-heading .elementor-heading-title.elementor-size-xl{font-size:39px}.elementor-widget-heading .elementor-heading-title.elementor-size-xxl{font-size:59px}<\/style><h3 class=\"elementor-heading-title elementor-size-default\"><span>Wineries<\/span><\/h3>\t\t<\/div>\n\t\t\t\t<\/div>\n\t\t\t\t<div class=\"elementor-element elementor-element-4d8dec4 elementor-widget elementor-widget-tj-page-heading\" data-id=\"4d8dec4\" data-element_type=\"widget\" data-widget_type=\"tj-page-heading.default\">\n\t\t\t\t<div class=\"elementor-widget-container\">\n\t\t\t\n    <section class=\"page-heading\">\n      <div class=\"container gx-0 gx-md-4 overflow-hidden \">\n        <div class=\"row\">\n          <div class=\"col\">\n                          <div class=\"page_heading_content style-2 haspadding\">\n                <div class=\"content_wrap\">\n                  <h1 class=\"title\"><span>Mapa del sitio<\/h1>                    <p>A continuaci\u00f3n encontrar\u00e1s todas las p\u00e1ginas de nuestro sitio web: servicios, \u00e1reas de especializaci\u00f3n... <\/p>\n                                  <\/div>\n              <\/div>\n                      <\/div>\n        <\/div>\n      <\/div>\n    <\/section>\n    <!-- start: Page Heading  -->\n\n\t\t<\/div>\n\t\t\t\t<\/div>\n\t\t\t\t<div class=\"elementor-element elementor-element-c06fd6c elementor-widget elementor-widget-heading\" data-id=\"c06fd6c\" data-element_type=\"widget\" data-widget_type=\"heading.default\">\n\t\t\t\t<div class=\"elementor-widget-container\">\n\t\t\t<h2 class=\"elementor-heading-title elementor-size-default\">Nuestros \u00e1mbitos de actividad<\/h2>\t\t<\/div>\n\t\t\t\t<\/div>\n\t\t\t\t<div class=\"elementor-element elementor-element-42ef317 elementor-widget elementor-widget-text-editor\" data-id=\"42ef317\" data-element_type=\"widget\" data-widget_type=\"text-editor.default\">\n\t\t\t\t<div class=\"elementor-widget-container\">\n\t\t\t<style>\/*! elementor - v3.23.0 - 05-08-2024 *\/\n.elementor-widget-text-editor.elementor-drop-cap-view-stacked .elementor-drop-cap{background-color:#69727d;color:#fff}.elementor-widget-text-editor.elementor-drop-cap-view-framed .elementor-drop-cap{color:#69727d;border:3px solid;background-color:transparent}.elementor-widget-text-editor:not(.elementor-drop-cap-view-default) .elementor-drop-cap{margin-top:8px}.elementor-widget-text-editor:not(.elementor-drop-cap-view-default) .elementor-drop-cap-letter{width:1em;height:1em}.elementor-widget-text-editor .elementor-drop-cap{float:left;text-align:center;line-height:1;font-size:50px}.elementor-widget-text-editor .elementor-drop-cap-letter{display:inline-block}<\/style>\t\t\t\t<ul>\n<li>\n              <a href=\"https:\/\/concours.bam.archi\/es\/asistente-a-la-direccion-de-obra-especialista-en-la-construccion-de-bodegas-de-vino\/\">Bodegas<\/a>\n            <\/li>\n<li>\n              <a href=\"https:\/\/concours.bam.archi\/es\/especialista-en-construccion-de-oficinas\/\">Oficinas \/ Terciario<\/a>\n            <\/li>\n<li>\n              <a href=\"https:\/\/concours.bam.archi\/es\/amo-especialista-en-construccion-hotelera\/\">Hoteles<\/a>\n            <\/li>\n<li>\n              <a href=\"https:\/\/concours.bam.archi\/es\/servicios-de-consultoria-especializados-en-la-construccion-de-museos-fundaciones\/\">Museos \/ Fundaciones  <\/a>\n            <\/li>\n<li>\n              <a href=\"https:\/\/concours.bam.archi\/es\/amo-especialista-en-construccion-de-viviendas-unifamiliares\/\">Viviendas unifamiliares<\/a>\n            <\/li>\n<\/ul>\n\t\t\t\t\t\t<\/div>\n\t\t\t\t<\/div>\n\t\t\t\t<div class=\"elementor-element elementor-element-63f8b41 elementor-widget elementor-widget-spacer\" data-id=\"63f8b41\" data-element_type=\"widget\" data-widget_type=\"spacer.default\">\n\t\t\t\t<div class=\"elementor-widget-container\">\n\t\t\t<style>\/*! elementor - v3.23.0 - 05-08-2024 *\/\n.elementor-column .elementor-spacer-inner{height:var(--spacer-size)}.e-con{--container-widget-width:100%}.e-con-inner>.elementor-widget-spacer,.e-con>.elementor-widget-spacer{width:var(--container-widget-width,var(--spacer-size));--align-self:var(--container-widget-align-self,initial);--flex-shrink:0}.e-con-inner>.elementor-widget-spacer>.elementor-widget-container,.e-con>.elementor-widget-spacer>.elementor-widget-container{height:100%;width:100%}.e-con-inner>.elementor-widget-spacer>.elementor-widget-container>.elementor-spacer,.e-con>.elementor-widget-spacer>.elementor-widget-container>.elementor-spacer{height:100%}.e-con-inner>.elementor-widget-spacer>.elementor-widget-container>.elementor-spacer>.elementor-spacer-inner,.e-con>.elementor-widget-spacer>.elementor-widget-container>.elementor-spacer>.elementor-spacer-inner{height:var(--container-widget-height,var(--spacer-size))}.e-con-inner>.elementor-widget-spacer.elementor-widget-empty,.e-con>.elementor-widget-spacer.elementor-widget-empty{position:relative;min-height:22px;min-width:22px}.e-con-inner>.elementor-widget-spacer.elementor-widget-empty .elementor-widget-empty-icon,.e-con>.elementor-widget-spacer.elementor-widget-empty .elementor-widget-empty-icon{position:absolute;top:0;bottom:0;left:0;right:0;margin:auto;padding:0;width:22px;height:22px}<\/style>\t\t<div class=\"elementor-spacer\">\n\t\t\t<div class=\"elementor-spacer-inner\"><\/div>\n\t\t<\/div>\n\t\t\t\t<\/div>\n\t\t\t\t<\/div>\n\t\t\t\t<div class=\"elementor-element elementor-element-3cbc49f elementor-widget elementor-widget-heading\" data-id=\"3cbc49f\" data-element_type=\"widget\" data-widget_type=\"heading.default\">\n\t\t\t\t<div class=\"elementor-widget-container\">\n\t\t\t<h2 class=\"elementor-heading-title elementor-size-default\">Nuestros servicios<\/h2>\t\t<\/div>\n\t\t\t\t<\/div>\n\t\t\t\t<div class=\"elementor-element elementor-element-e86ba45 elementor-widget elementor-widget-text-editor\" data-id=\"e86ba45\" data-element_type=\"widget\" data-widget_type=\"text-editor.default\">\n\t\t\t\t<div class=\"elementor-widget-container\">\n\t\t\t\t\t\t\t<ul>\n<li>\n              <a href=\"https:\/\/concours.bam.archi\/es\/nuestros-servicios\/\">Nuestro apoyo<\/a>\n            <\/li>\n<li>\n              <a href=\"https:\/\/concours.bam.archi\/es\/organizacion-de-concursos-de-arquitectura\/\">Organizaci\u00f3n de concursos de arquitectura<\/a>\n            <\/li>\n<li>\n              <a href=\"https:\/\/concours.bam.archi\/es\/analisis-viabilidad-programacion\/\">An\u00e1lisis, viabilidad y programaci\u00f3n<\/a>\n            <\/li>\n<li>\n              <a href=\"https:\/\/concours.bam.archi\/es\/gestion-de-proyectos\/\">Gesti\u00f3n de proyectos (AMO \/ MOD)<\/a>\n            <\/li>\n<li>\n              <a href=\"https:\/\/tidycal.com\/bam\/echange-telephonique-avec-bam\">Pide una cita por tel\u00e9fono<\/a>\n            <\/li>\n<li>\n              <a href=\"https:\/\/bamarchi.typeform.com\/to\/Bnkczn?typeform-source=concours.bam.archi\">Lanzar un proyecto<\/a>\n            <\/li>\n<\/ul>\n\t\t\t\t\t\t<\/div>\n\t\t\t\t<\/div>\n\t\t\t\t<div class=\"elementor-element elementor-element-d537421 elementor-widget elementor-widget-spacer\" data-id=\"d537421\" data-element_type=\"widget\" data-widget_type=\"spacer.default\">\n\t\t\t\t<div class=\"elementor-widget-container\">\n\t\t\t\t\t<div class=\"elementor-spacer\">\n\t\t\t<div class=\"elementor-spacer-inner\"><\/div>\n\t\t<\/div>\n\t\t\t\t<\/div>\n\t\t\t\t<\/div>\n\t\t\t\t<div class=\"elementor-element elementor-element-6213d87 elementor-widget elementor-widget-heading\" data-id=\"6213d87\" data-element_type=\"widget\" data-widget_type=\"heading.default\">\n\t\t\t\t<div class=\"elementor-widget-container\">\n\t\t\t<h2 class=\"elementor-heading-title elementor-size-default\">Nuestro enfoque<\/h2>\t\t<\/div>\n\t\t\t\t<\/div>\n\t\t\t\t<div class=\"elementor-element elementor-element-c2747cf elementor-widget elementor-widget-text-editor\" data-id=\"c2747cf\" data-element_type=\"widget\" data-widget_type=\"text-editor.default\">\n\t\t\t\t<div class=\"elementor-widget-container\">\n\t\t\t\t\t\t\t<ul>\n<li>\n              <a href=\"https:\/\/concours.bam.archi\/es\/\">Inicio<\/a>\n            <\/li>\n<li>\n              <a href=\"https:\/\/concours.bam.archi\/es\/nuestro-enfoque-amo\/\">Nuestro enfoque AMO<\/a>\n            <\/li>\n<\/ul>\n\t\t\t\t\t\t<\/div>\n\t\t\t\t<\/div>\n\t\t\t\t<div class=\"elementor-element elementor-element-8912414 elementor-widget elementor-widget-spacer\" data-id=\"8912414\" data-element_type=\"widget\" data-widget_type=\"spacer.default\">\n\t\t\t\t<div class=\"elementor-widget-container\">\n\t\t\t\t\t<div class=\"elementor-spacer\">\n\t\t\t<div class=\"elementor-spacer-inner\"><\/div>\n\t\t<\/div>\n\t\t\t\t<\/div>\n\t\t\t\t<\/div>\n\t\t\t\t<div class=\"elementor-element elementor-element-e7a98b8 elementor-widget elementor-widget-heading\" data-id=\"e7a98b8\" data-element_type=\"widget\" data-widget_type=\"heading.default\">\n\t\t\t\t<div class=\"elementor-widget-container\">\n\t\t\t<h2 class=\"elementor-heading-title elementor-size-default\">Nuestros proyectos<\/h2>\t\t<\/div>\n\t\t\t\t<\/div>\n\t\t\t\t<div class=\"elementor-element elementor-element-5ae8477 elementor-widget elementor-widget-text-editor\" data-id=\"5ae8477\" data-element_type=\"widget\" data-widget_type=\"text-editor.default\">\n\t\t\t\t<div class=\"elementor-widget-container\">\n\t\t\t\t\t\t\t<ul><li><a href=\"https:\/\/concours.bam.archi\/es\/nuestros-proyectos\/\">Porque la Arquitectura Importa<\/a><\/li><li><a href=\"https:\/\/concours.bam.archi\/es\/projects\/proyecto-lafite-rothschild\/\">Obra: Ch\u00e2teau Lafite Rothschild: renovaci\u00f3n y ampliaci\u00f3n de un almac\u00e9n de vinos<\/a><\/li><li><a href=\"https:\/\/concours.bam.archi\/es\/projects\/ixcampusampliacion-de-un-campus-de-innovacion\/\">Proyecto: iXcampus: ampliaci\u00f3n de un campus de innovaci\u00f3n<\/a><\/li><li><a href=\"https:\/\/concours.bam.archi\/es\/projects\/concurso-de-hoteles-de-5\/\">Proyecto: Construcci\u00f3n de un hotel de 5 estrellas en Martinica<\/a><\/li><li><a href=\"https:\/\/concours.bam.archi\/es\/projects\/chateau-de-beaucastel-renovacion-y-ampliacion\/\">Obra: Castillo de Beaucastel: renovaci\u00f3n y ampliaci\u00f3n<\/a><\/li><li><a href=\"https:\/\/concours.bam.archi\/es\/projects\/concurso-camara-de-notarios\/\">Obra: C\u00e1mara Notarial de Par\u00eds: renovaci\u00f3n de un edificio emblem\u00e1tico<\/a><\/li><li><a href=\"https:\/\/concours.bam.archi\/es\/projects\/chateau-de-nalys-renovacion-y-ampliacion\/\">Obra: Ch\u00e2teau de Nalys : Renovaci\u00f3n y ampliaci\u00f3n<\/a><\/li><li><a href=\"https:\/\/concours.bam.archi\/es\/projects\/portzix-brest-ampliacion-y-renovacion-de-una-fabrica\/\">Obra: PortziX Brest : Ampliaci\u00f3n y renovaci\u00f3n de una f\u00e1brica<\/a><\/li><li><a href=\"https:\/\/concours.bam.archi\/es\/projects\/ixglaz-lannion-renovacion-y-ampliacion-de-una-fabrica\/\">Obra: iXGlaz Lannion : Renovaci\u00f3n y ampliaci\u00f3n de una f\u00e1brica<\/a><\/li><li><a href=\"https:\/\/concours.bam.archi\/es\/projects\/domaine-belargus-construccion-de-un-almacen-de-vino\/\">Obra: Domaine Belargus : Construcci\u00f3n de un almac\u00e9n de vinos<\/a><\/li><li><a href=\"https:\/\/concours.bam.archi\/es\/projects\/casa-en-el-bosque-de-fontainebleau-construccion-de-una-casa-pasiva\/\">Obra: Casa en el bosque de Fontainebleau: Construcci\u00f3n de una casa pasiva<\/a><\/li><li><a href=\"https:\/\/concours.bam.archi\/es\/projects\/casa-en-seignosse-construir-una-casa-pasiva\/\">Obra: Casa en Seignosse : Construcci\u00f3n de una casa pasiva<\/a><\/li><\/ul>\t\t\t\t\t\t<\/div>\n\t\t\t\t<\/div>\n\t\t\t\t<div class=\"elementor-element elementor-element-eae0207 elementor-widget elementor-widget-spacer\" data-id=\"eae0207\" data-element_type=\"widget\" data-widget_type=\"spacer.default\">\n\t\t\t\t<div class=\"elementor-widget-container\">\n\t\t\t\t\t<div class=\"elementor-spacer\">\n\t\t\t<div class=\"elementor-spacer-inner\"><\/div>\n\t\t<\/div>\n\t\t\t\t<\/div>\n\t\t\t\t<\/div>\n\t\t\t\t<div class=\"elementor-element elementor-element-52fbe82 elementor-widget elementor-widget-heading\" data-id=\"52fbe82\" data-element_type=\"widget\" data-widget_type=\"heading.default\">\n\t\t\t\t<div class=\"elementor-widget-container\">\n\t\t\t<h2 class=\"elementor-heading-title elementor-size-default\">Nuestros art\u00edculos<\/h2>\t\t<\/div>\n\t\t\t\t<\/div>\n\t\t\t\t<div class=\"elementor-element elementor-element-b11316b elementor-widget elementor-widget-heading\" data-id=\"b11316b\" data-element_type=\"widget\" data-widget_type=\"heading.default\">\n\t\t\t\t<div class=\"elementor-widget-container\">\n\t\t\t<h3 class=\"elementor-heading-title elementor-size-default\"><span>Bodegas<\/span><\/h3>\t\t<\/div>\n\t\t\t\t<\/div>\n\t\t\t\t<div class=\"elementor-element elementor-element-92f346e elementor-widget elementor-widget-text-editor\" data-id=\"92f346e\" data-element_type=\"widget\" data-widget_type=\"text-editor.default\">\n\t\t\t\t<div class=\"elementor-widget-container\">\n\t\t\t\t\t\t\t<ul><li><a href=\"https:\/\/concours.bam.archi\/es\/bodegas\/las-10-bodegas-mas-bonitas\/\">Las 10 bodegas m\u00e1s bonitas<\/a><\/li><li><a href=\"https:\/\/concours.bam.archi\/es\/bodegas\/las-10-fincas-vinicolas-mas-bellas\/\">Las 10 fincas vin\u00edcolas m\u00e1s bellas<\/a><\/li><li><a href=\"https:\/\/concours.bam.archi\/es\/bodegas\/construccion-de-una-sala-de-cubas\/\">Construcci\u00f3n de una sala de cubas<\/a><\/li><li><a href=\"https:\/\/concours.bam.archi\/es\/bodegas\/construccion-y-renovacion-de-bodegas-guia-y-consejos\/\">Construir y renovar una bodega con un arquitecto: gu\u00eda y consejos<\/a><\/li><li><a href=\"https:\/\/concours.bam.archi\/es\/bodegas\/renovacion-y-acondicionamiento-de-un-almacen-de-vino-ecorresponsable\/\">Renovaci\u00f3n y acondicionamiento de un almac\u00e9n de vino ecorresponsable<\/a><\/li><li><a href=\"https:\/\/concours.bam.archi\/es\/bodegas\/organizar-un-concurso-de-arquitectura-para-la-construccion-o-renovacion-de-una-bodega\/\">Organizaci\u00f3n de un concurso de arquitectura para la construcci\u00f3n o renovaci\u00f3n de una bodega : gu\u00eda y consejos<\/a><\/li><\/ul>\t\t\t\t\t\t<\/div>\n\t\t\t\t<\/div>\n\t\t\t\t<div class=\"elementor-element elementor-element-c2de26b elementor-widget elementor-widget-spacer\" data-id=\"c2de26b\" data-element_type=\"widget\" data-widget_type=\"spacer.default\">\n\t\t\t\t<div class=\"elementor-widget-container\">\n\t\t\t\t\t<div class=\"elementor-spacer\">\n\t\t\t<div class=\"elementor-spacer-inner\"><\/div>\n\t\t<\/div>\n\t\t\t\t<\/div>\n\t\t\t\t<\/div>\n\t\t\t\t<div class=\"elementor-element elementor-element-4a62adc elementor-widget elementor-widget-heading\" data-id=\"4a62adc\" data-element_type=\"widget\" data-widget_type=\"heading.default\">\n\t\t\t\t<div class=\"elementor-widget-container\">\n\t\t\t<h3 class=\"elementor-heading-title elementor-size-default\"><span>Hoteles<\/span><\/h3>\t\t<\/div>\n\t\t\t\t<\/div>\n\t\t\t\t<div class=\"elementor-element elementor-element-433e300 elementor-widget elementor-widget-text-editor\" data-id=\"433e300\" data-element_type=\"widget\" data-widget_type=\"text-editor.default\">\n\t\t\t\t<div class=\"elementor-widget-container\">\n\t\t\t\t\t\t\t<ul><li><a href=\"https:\/\/concours.bam.archi\/es\/bodegas\/construccion-y-renovacion-de-hoteles-guia-y-consejos\/\">Construir y renovar un hotel con un arquitecto: gu\u00eda y consejos<\/a><\/li><\/ul>\t\t\t\t\t\t<\/div>\n\t\t\t\t<\/div>\n\t\t\t\t\t<\/div>\n\t\t<\/div>\n\t\t\t\t\t<\/div>\n\t\t<\/section>\n\t\t\t\t<\/div>\n\t\t","protected":false},"excerpt":{"rendered":"<p>Lanzar un proyecto Wineries Mapa del sitio A continuaci\u00f3n encontrar\u00e1s todas las p\u00e1ginas de nuestro sitio web: servicios, \u00e1reas de especializaci\u00f3n&#8230; Nuestros \u00e1mbitos de actividad Bodegas Oficinas \/ Terciario Hoteles Museos \/ Fundaciones Viviendas unifamiliares Nuestros servicios Nuestro apoyo Organizaci\u00f3n de concursos de arquitectura An\u00e1lisis, viabilidad y programaci\u00f3n Gesti\u00f3n de proyectos (AMO \/ MOD) Pide&hellip;<\/p>\n","protected":false},"author":2,"featured_media":0,"parent":0,"menu_order":0,"comment_status":"closed","ping_status":"closed","template":"elementor_header_footer","meta":[],"acf":[],"yoast_head":"<!-- This site is optimized with the Yoast SEO plugin v20.8 - https:\/\/yoast.com\/wordpress\/plugins\/seo\/ -->\n<title>Porque la Arquitectura Importa - Mapa del sitio<\/title>\n<meta name=\"description\" content=\"Encuentra todas las p\u00e1ginas del sitio web Porque la Arquitectura Importa a trav\u00e9s de nuestro mapa del sitio disponible en esta p\u00e1gina.\" \/>\n<meta name=\"robots\" content=\"index, follow, max-snippet:-1, max-image-preview:large, max-video-preview:-1\" \/>\n<link rel=\"canonical\" href=\"https:\/\/concours.bam.archi\/es\/mapa-del-sitio\/\" \/>\n<meta property=\"og:locale\" content=\"es_ES\" \/>\n<meta property=\"og:type\" content=\"article\" \/>\n<meta property=\"og:title\" content=\"Porque la Arquitectura Importa - Mapa del sitio\" \/>\n<meta property=\"og:description\" content=\"Encuentra todas las p\u00e1ginas del sitio web Porque la Arquitectura Importa a trav\u00e9s de nuestro mapa del sitio disponible en esta p\u00e1gina.\" \/>\n<meta property=\"og:url\" content=\"https:\/\/concours.bam.archi\/es\/mapa-del-sitio\/\" \/>\n<meta property=\"og:site_name\" content=\"BAM - Because Architecture Matters\" \/>\n<meta property=\"article:modified_time\" content=\"2024-09-24T14:30:07+00:00\" \/>\n<meta name=\"twitter:card\" content=\"summary_large_image\" \/>\n<meta name=\"twitter:label1\" content=\"Tiempo de lectura\" \/>\n\t<meta name=\"twitter:data1\" content=\"2 minutos\" \/>\n<script type=\"application\/ld+json\" class=\"yoast-schema-graph\">{\"@context\":\"https:\/\/schema.org\",\"@graph\":[{\"@type\":\"WebPage\",\"@id\":\"https:\/\/concours.bam.archi\/es\/mapa-del-sitio\/\",\"url\":\"https:\/\/concours.bam.archi\/es\/mapa-del-sitio\/\",\"name\":\"Porque la Arquitectura Importa - Mapa del sitio\",\"isPartOf\":{\"@id\":\"https:\/\/concours.bam.archi\/#website\"},\"datePublished\":\"2024-07-09T12:34:38+00:00\",\"dateModified\":\"2024-09-24T14:30:07+00:00\",\"description\":\"Encuentra todas las p\u00e1ginas del sitio web Porque la Arquitectura Importa a trav\u00e9s de nuestro mapa del sitio disponible en esta p\u00e1gina.\",\"inLanguage\":\"es\",\"potentialAction\":[{\"@type\":\"ReadAction\",\"target\":[\"https:\/\/concours.bam.archi\/es\/mapa-del-sitio\/\"]}]},{\"@type\":\"WebSite\",\"@id\":\"https:\/\/concours.bam.archi\/#website\",\"url\":\"https:\/\/concours.bam.archi\/\",\"name\":\"BAM - Because Architecture Matters\",\"description\":\"\",\"potentialAction\":[{\"@type\":\"SearchAction\",\"target\":{\"@type\":\"EntryPoint\",\"urlTemplate\":\"https:\/\/concours.bam.archi\/?s={search_term_string}\"},\"query-input\":\"required name=search_term_string\"}],\"inLanguage\":\"es\"}]}<\/script>\n<!-- \/ Yoast SEO plugin. -->","yoast_head_json":{"title":"Porque la Arquitectura Importa - Mapa del sitio","description":"Encuentra todas las p\u00e1ginas del sitio web Porque la Arquitectura Importa a trav\u00e9s de nuestro mapa del sitio disponible en esta p\u00e1gina.","robots":{"index":"index","follow":"follow","max-snippet":"max-snippet:-1","max-image-preview":"max-image-preview:large","max-video-preview":"max-video-preview:-1"},"canonical":"https:\/\/concours.bam.archi\/es\/mapa-del-sitio\/","og_locale":"es_ES","og_type":"article","og_title":"Porque la Arquitectura Importa - Mapa del sitio","og_description":"Encuentra todas las p\u00e1ginas del sitio web Porque la Arquitectura Importa a trav\u00e9s de nuestro mapa del sitio disponible en esta p\u00e1gina.","og_url":"https:\/\/concours.bam.archi\/es\/mapa-del-sitio\/","og_site_name":"BAM - Because Architecture Matters","article_modified_time":"2024-09-24T14:30:07+00:00","twitter_card":"summary_large_image","twitter_misc":{"Tiempo de lectura":"2 minutos"},"schema":{"@context":"https:\/\/schema.org","@graph":[{"@type":"WebPage","@id":"https:\/\/concours.bam.archi\/es\/mapa-del-sitio\/","url":"https:\/\/concours.bam.archi\/es\/mapa-del-sitio\/","name":"Porque la Arquitectura Importa - Mapa del sitio","isPartOf":{"@id":"https:\/\/concours.bam.archi\/#website"},"datePublished":"2024-07-09T12:34:38+00:00","dateModified":"2024-09-24T14:30:07+00:00","description":"Encuentra todas las p\u00e1ginas del sitio web Porque la Arquitectura Importa a trav\u00e9s de nuestro mapa del sitio disponible en esta p\u00e1gina.","inLanguage":"es","potentialAction":[{"@type":"ReadAction","target":["https:\/\/concours.bam.archi\/es\/mapa-del-sitio\/"]}]},{"@type":"WebSite","@id":"https:\/\/concours.bam.archi\/#website","url":"https:\/\/concours.bam.archi\/","name":"BAM - Because Architecture Matters","description":"","potentialAction":[{"@type":"SearchAction","target":{"@type":"EntryPoint","urlTemplate":"https:\/\/concours.bam.archi\/?s={search_term_string}"},"query-input":"required name=search_term_string"}],"inLanguage":"es"}]}},"_links":{"self":[{"href":"https:\/\/concours.bam.archi\/es\/wp-json\/wp\/v2\/pages\/3363"}],"collection":[{"href":"https:\/\/concours.bam.archi\/es\/wp-json\/wp\/v2\/pages"}],"about":[{"href":"https:\/\/concours.bam.archi\/es\/wp-json\/wp\/v2\/types\/page"}],"author":[{"embeddable":true,"href":"https:\/\/concours.bam.archi\/es\/wp-json\/wp\/v2\/users\/2"}],"replies":[{"embeddable":true,"href":"https:\/\/concours.bam.archi\/es\/wp-json\/wp\/v2\/comments?post=3363"}],"version-history":[{"count":23,"href":"https:\/\/concours.bam.archi\/es\/wp-json\/wp\/v2\/pages\/3363\/revisions"}],"predecessor-version":[{"id":5696,"href":"https:\/\/concours.bam.archi\/es\/wp-json\/wp\/v2\/pages\/3363\/revisions\/5696"}],"wp:attachment":[{"href":"https:\/\/concours.bam.archi\/es\/wp-json\/wp\/v2\/media?parent=3363"}],"curies":[{"name":"wp","href":"https:\/\/api.w.org\/{rel}","templated":true}]}}