{"id":5977,"date":"2025-02-08T04:26:35","date_gmt":"2025-02-08T04:26:35","guid":{"rendered":"https:\/\/concours.bam.archi\/politica-de-privacidad\/"},"modified":"2025-02-08T04:26:46","modified_gmt":"2025-02-08T04:26:46","slug":"politica-de-privacidad","status":"publish","type":"page","link":"https:\/\/concours.bam.archi\/es\/politica-de-privacidad\/","title":{"rendered":"Pol\u00edtica de privacidad"},"content":{"rendered":"<p><a class=\"iubenda-white no-brand iubenda-noiframe iubenda-embed iubenda-noiframe iub-body-embed\" title=\"Politique de confidentialit\u00e9\" href=\"https:\/\/www.iubenda.com\/privacy-policy\/54800935\">Politique de confidentialit\u00e9<\/a><script type=\"text\/javascript\">(function (w,d) {var loader = function () {var s = d.createElement(\"script\"), tag = d.getElementsByTagName(\"script\")[0]; s.src=\"https:\/\/cdn.iubenda.com\/iubenda.js\"; tag.parentNode.insertBefore(s,tag);}; if(w.addEventListener){w.addEventListener(\"load\", loader, false);}else if(w.attachEvent){w.attachEvent(\"onload\", loader);}else{w.onload = loader;}})(window, document);<\/script> <a class=\"iubenda-white no-brand iubenda-noiframe iubenda-embed iubenda-noiframe iub-body-embed\" title=\"Politique relative aux Cookies\" href=\"https:\/\/www.iubenda.com\/privacy-policy\/54800935\/cookie-policy\">Politique relative aux Cookies<\/a><script type=\"text\/javascript\">(function (w,d) {var loader = function () {var s = d.createElement(\"script\"), tag = d.getElementsByTagName(\"script\")[0]; s.src=\"https:\/\/cdn.iubenda.com\/iubenda.js\"; tag.parentNode.insertBefore(s,tag);}; if(w.addEventListener){w.addEventListener(\"load\", loader, false);}else if(w.attachEvent){w.attachEvent(\"onload\", loader);}else{w.onload = loader;}})(window, document);<\/script><\/p>\n<p>&nbsp;<\/p>\n","protected":false},"excerpt":{"rendered":"<p>Politique de confidentialit\u00e9 Politique relative aux Cookies &nbsp;<\/p>\n","protected":false},"author":2,"featured_media":0,"parent":0,"menu_order":0,"comment_status":"closed","ping_status":"closed","template":"","meta":[],"acf":[],"yoast_head":"<!-- This site is optimized with the Yoast SEO plugin v20.8 - https:\/\/yoast.com\/wordpress\/plugins\/seo\/ -->\n<title>Pol\u00edtica de privacidad - BAM - Because Architecture Matters<\/title>\n<meta name=\"description\" content=\"Pol\u00edtica de privacidad y gesti\u00f3n de cookies\" \/>\n<meta name=\"robots\" content=\"index, follow, max-snippet:-1, max-image-preview:large, max-video-preview:-1\" \/>\n<link rel=\"canonical\" href=\"https:\/\/concours.bam.archi\/es\/politica-de-privacidad\/\" \/>\n<meta property=\"og:locale\" content=\"es_ES\" \/>\n<meta property=\"og:type\" content=\"article\" \/>\n<meta property=\"og:title\" content=\"Pol\u00edtica de privacidad - BAM - Because Architecture Matters\" \/>\n<meta property=\"og:description\" content=\"Pol\u00edtica de privacidad y gesti\u00f3n de cookies\" \/>\n<meta property=\"og:url\" content=\"https:\/\/concours.bam.archi\/es\/politica-de-privacidad\/\" \/>\n<meta property=\"og:site_name\" content=\"BAM - Because Architecture Matters\" \/>\n<meta property=\"article:modified_time\" content=\"2025-02-08T04:26:46+00:00\" \/>\n<meta name=\"twitter:card\" content=\"summary_large_image\" \/>\n<script type=\"application\/ld+json\" class=\"yoast-schema-graph\">{\"@context\":\"https:\/\/schema.org\",\"@graph\":[{\"@type\":\"WebPage\",\"@id\":\"https:\/\/concours.bam.archi\/es\/politica-de-privacidad\/\",\"url\":\"https:\/\/concours.bam.archi\/es\/politica-de-privacidad\/\",\"name\":\"Pol\u00edtica de privacidad - BAM - Because Architecture Matters\",\"isPartOf\":{\"@id\":\"https:\/\/concours.bam.archi\/#website\"},\"datePublished\":\"2025-02-08T04:26:35+00:00\",\"dateModified\":\"2025-02-08T04:26:46+00:00\",\"description\":\"Pol\u00edtica de privacidad y gesti\u00f3n de cookies\",\"inLanguage\":\"es\",\"potentialAction\":[{\"@type\":\"ReadAction\",\"target\":[\"https:\/\/concours.bam.archi\/es\/politica-de-privacidad\/\"]}]},{\"@type\":\"WebSite\",\"@id\":\"https:\/\/concours.bam.archi\/#website\",\"url\":\"https:\/\/concours.bam.archi\/\",\"name\":\"BAM - Because Architecture Matters\",\"description\":\"\",\"potentialAction\":[{\"@type\":\"SearchAction\",\"target\":{\"@type\":\"EntryPoint\",\"urlTemplate\":\"https:\/\/concours.bam.archi\/?s={search_term_string}\"},\"query-input\":\"required name=search_term_string\"}],\"inLanguage\":\"es\"}]}<\/script>\n<!-- \/ Yoast SEO plugin. -->","yoast_head_json":{"title":"Pol\u00edtica de privacidad - BAM - Because Architecture Matters","description":"Pol\u00edtica de privacidad y gesti\u00f3n de cookies","robots":{"index":"index","follow":"follow","max-snippet":"max-snippet:-1","max-image-preview":"max-image-preview:large","max-video-preview":"max-video-preview:-1"},"canonical":"https:\/\/concours.bam.archi\/es\/politica-de-privacidad\/","og_locale":"es_ES","og_type":"article","og_title":"Pol\u00edtica de privacidad - BAM - Because Architecture Matters","og_description":"Pol\u00edtica de privacidad y gesti\u00f3n de cookies","og_url":"https:\/\/concours.bam.archi\/es\/politica-de-privacidad\/","og_site_name":"BAM - Because Architecture Matters","article_modified_time":"2025-02-08T04:26:46+00:00","twitter_card":"summary_large_image","schema":{"@context":"https:\/\/schema.org","@graph":[{"@type":"WebPage","@id":"https:\/\/concours.bam.archi\/es\/politica-de-privacidad\/","url":"https:\/\/concours.bam.archi\/es\/politica-de-privacidad\/","name":"Pol\u00edtica de privacidad - BAM - Because Architecture Matters","isPartOf":{"@id":"https:\/\/concours.bam.archi\/#website"},"datePublished":"2025-02-08T04:26:35+00:00","dateModified":"2025-02-08T04:26:46+00:00","description":"Pol\u00edtica de privacidad y gesti\u00f3n de cookies","inLanguage":"es","potentialAction":[{"@type":"ReadAction","target":["https:\/\/concours.bam.archi\/es\/politica-de-privacidad\/"]}]},{"@type":"WebSite","@id":"https:\/\/concours.bam.archi\/#website","url":"https:\/\/concours.bam.archi\/","name":"BAM - Because Architecture Matters","description":"","potentialAction":[{"@type":"SearchAction","target":{"@type":"EntryPoint","urlTemplate":"https:\/\/concours.bam.archi\/?s={search_term_string}"},"query-input":"required name=search_term_string"}],"inLanguage":"es"}]}},"_links":{"self":[{"href":"https:\/\/concours.bam.archi\/es\/wp-json\/wp\/v2\/pages\/5977"}],"collection":[{"href":"https:\/\/concours.bam.archi\/es\/wp-json\/wp\/v2\/pages"}],"about":[{"href":"https:\/\/concours.bam.archi\/es\/wp-json\/wp\/v2\/types\/page"}],"author":[{"embeddable":true,"href":"https:\/\/concours.bam.archi\/es\/wp-json\/wp\/v2\/users\/2"}],"replies":[{"embeddable":true,"href":"https:\/\/concours.bam.archi\/es\/wp-json\/wp\/v2\/comments?post=5977"}],"version-history":[{"count":1,"href":"https:\/\/concours.bam.archi\/es\/wp-json\/wp\/v2\/pages\/5977\/revisions"}],"predecessor-version":[{"id":5978,"href":"https:\/\/concours.bam.archi\/es\/wp-json\/wp\/v2\/pages\/5977\/revisions\/5978"}],"wp:attachment":[{"href":"https:\/\/concours.bam.archi\/es\/wp-json\/wp\/v2\/media?parent=5977"}],"curies":[{"name":"wp","href":"https:\/\/api.w.org\/{rel}","templated":true}]}}